{"id":166,"date":"2025-09-26T17:12:10","date_gmt":"2025-09-26T15:12:10","guid":{"rendered":"https:\/\/monnaiesaude.fr\/?page_id=166"},"modified":"2025-10-01T11:15:49","modified_gmt":"2025-10-01T09:15:49","slug":"accueil","status":"publish","type":"page","link":"https:\/\/monnaiesaude.fr\/","title":{"rendered":"MONNAIESAUDE"},"content":{"rendered":"\n<p>Ce site est avant tout destin\u00e9 \u00e0 mieux faire conna\u00eetre un secteur m\u00e9connu du patrimoine audois : sa numismatique.<\/p>\n\n\n\n<p>Au travers des diff\u00e9rentes pages, vous pourrez d\u00e9couvrir monnaies, jetons m\u00e9dailles et billets utilis\u00e9s dans l\u2019Aude. C\u2019est en quelque sorte un mus\u00e9e virtuel o\u00f9 sont expos\u00e9s les fruits de la recherche de plusieurs collectionneurs. Chaque objet pr\u00e9sent\u00e9, si modeste soit-il, contribue \u00e0 la d\u00e9couverte de l\u2019histoire notre d\u00e9partement.<\/p>\n\n\n\n<p>Notre pr\u00e9sentation est loin d\u2019\u00eatre exhaustive et demande \u00e0 \u00eatre compl\u00e9t\u00e9e et nous vous invitons \u00e0 nous aider dans cette t\u00e2che.<\/p>\n\n\n\n<p>Si donc vous connaissez un document ne figurant pas sur le site merci de nous en informer. Pour le publier, il suffira de nous faire parvenir une ou plusieurs photo(s) ainsi que tous renseignements que vous jugerez utiles.<\/p>\n\n\n\n<p>Si vous constatez une erreur, si vous vous posez une question\u2026 contactez nous[jacqroussel@orange.fr]<\/p>\n\n\n\n<p>Bonne visite !<\/p>\n\n\n\n<p><a href=\"https:\/\/monnaiesaude.fr\/wp-admin\/edit.php?post_type=page\"><\/a><\/p>\n","protected":false},"excerpt":{"rendered":"<p>Ce site est avant tout destin\u00e9 \u00e0 mieux faire conna\u00eetre un secteur m\u00e9connu du patrimoine audois : sa numismatique. Au travers des diff\u00e9rentes pages, vous pourrez d\u00e9couvrir monnaies, jetons m\u00e9dailles et billets utilis\u00e9s dans l\u2019Aude. C\u2019est en quelque sorte un &hellip; <a href=\"https:\/\/monnaiesaude.fr\/\">Continue reading <span class=\"meta-nav\">&rarr;<\/span><\/a><\/p>\n","protected":false},"author":1,"featured_media":0,"parent":0,"menu_order":0,"comment_status":"closed","ping_status":"closed","template":"onecolumn-page.php","meta":{"footnotes":""},"class_list":["post-166","page","type-page","status-publish","hentry"],"_links":{"self":[{"href":"https:\/\/monnaiesaude.fr\/index.php\/wp-json\/wp\/v2\/pages\/166","targetHints":{"allow":["GET"]}}],"collection":[{"href":"https:\/\/monnaiesaude.fr\/index.php\/wp-json\/wp\/v2\/pages"}],"about":[{"href":"https:\/\/monnaiesaude.fr\/index.php\/wp-json\/wp\/v2\/types\/page"}],"author":[{"embeddable":true,"href":"https:\/\/monnaiesaude.fr\/index.php\/wp-json\/wp\/v2\/users\/1"}],"replies":[{"embeddable":true,"href":"https:\/\/monnaiesaude.fr\/index.php\/wp-json\/wp\/v2\/comments?post=166"}],"version-history":[{"count":6,"href":"https:\/\/monnaiesaude.fr\/index.php\/wp-json\/wp\/v2\/pages\/166\/revisions"}],"predecessor-version":[{"id":742,"href":"https:\/\/monnaiesaude.fr\/index.php\/wp-json\/wp\/v2\/pages\/166\/revisions\/742"}],"wp:attachment":[{"href":"https:\/\/monnaiesaude.fr\/index.php\/wp-json\/wp\/v2\/media?parent=166"}],"curies":[{"name":"wp","href":"https:\/\/api.w.org\/{rel}","templated":true}]}}